{"id":64085,"date":"2020-01-02T09:28:08","date_gmt":"2020-01-02T06:28:08","guid":{"rendered":"https:\/\/prisync.com\/contacte-con-nosotros\/"},"modified":"2026-03-27T17:28:56","modified_gmt":"2026-03-27T14:28:56","slug":"contacte-con-nosotros","status":"publish","type":"page","link":"https:\/\/prisync.com\/es\/contacte-con-nosotros\/","title":{"rendered":"Contacte con nosotros"},"content":{"rendered":"\t\t<div data-elementor-type=\"wp-page\" data-elementor-id=\"64085\" class=\"elementor elementor-64085 elementor-1370\" data-elementor-post-type=\"page\">\n\t\t\t\t<div class=\"elementor-element elementor-element-40cb79f e-flex e-con-boxed e-con e-parent\" data-id=\"40cb79f\" data-element_type=\"container\" data-settings=\"{&quot;background_background&quot;:&quot;classic&quot;}\">\n\t\t\t\t\t<div class=\"e-con-inner\">\n\t\t<div class=\"elementor-element elementor-element-78d25e0 e-con-full e-flex e-con e-child\" data-id=\"78d25e0\" data-element_type=\"container\">\n\t\t<div class=\"elementor-element elementor-element-b460491 e-con-full e-flex e-con e-child\" data-id=\"b460491\" data-element_type=\"container\">\n\t\t\t\t<div class=\"elementor-element elementor-element-c99f7e0 elementor-widget elementor-widget-heading\" data-id=\"c99f7e0\" data-element_type=\"widget\" data-widget_type=\"heading.default\">\n\t\t\t\t<div class=\"elementor-widget-container\">\n\t\t\t\t\t<h1 class=\"elementor-heading-title elementor-size-default\">Contacte con nosotros<\/h1>\t\t\t\t<\/div>\n\t\t\t\t<\/div>\n\t\t\t\t<div class=\"elementor-element elementor-element-500eec5 elementor-widget__width-initial elementor-widget elementor-widget-text-editor\" data-id=\"500eec5\" data-element_type=\"widget\" data-widget_type=\"text-editor.default\">\n\t\t\t\t<div class=\"elementor-widget-container\">\n\t\t\t\t\t\t\t\t\t<p>Ponte en contacto con las personas adecuadas en Prisync. Puedes comunicarte con nuestro equipo en cualquier momento si tienes dudas sobre nuestras soluciones de precios, necesidades de asistencia t\u00e9cnica o si simplemente quieres explorar las capacidades de Prisync y c\u00f3mo puede ayudar a tu negocio. <\/p><p>Contacta con un miembro de nuestros equipos de atenci\u00f3n al cliente, ventas, soporte t\u00e9cnico o marketing; te ayudaremos encantados de forma r\u00e1pida y eficiente.<\/p>\t\t\t\t\t\t\t\t<\/div>\n\t\t\t\t<\/div>\n\t\t\t\t<\/div>\n\t\t\t\t<\/div>\n\t\t\t\t\t<\/div>\n\t\t\t\t<\/div>\n\t\t<div class=\"elementor-element elementor-element-730f0dc e-flex e-con-boxed e-con e-parent\" data-id=\"730f0dc\" data-element_type=\"container\" data-settings=\"{&quot;shape_divider_top&quot;:&quot;waves&quot;,&quot;shape_divider_top_negative&quot;:&quot;yes&quot;}\">\n\t\t\t\t\t<div class=\"e-con-inner\">\n\t\t\t\t<div class=\"elementor-shape elementor-shape-top\" aria-hidden=\"true\" data-negative=\"true\">\n\t\t\t<svg xmlns=\"http:\/\/www.w3.org\/2000\/svg\" viewBox=\"0 0 1000 100\" preserveAspectRatio=\"none\">\n\t<path class=\"elementor-shape-fill\" d=\"M790.5,93.1c-59.3-5.3-116.8-18-192.6-50c-29.6-12.7-76.9-31-100.5-35.9c-23.6-4.9-52.6-7.8-75.5-5.3\n\tc-10.2,1.1-22.6,1.4-50.1,7.4c-27.2,6.3-58.2,16.6-79.4,24.7c-41.3,15.9-94.9,21.9-134,22.6C72,58.2,0,25.8,0,25.8V100h1000V65.3\n\tc0,0-51.5,19.4-106.2,25.7C839.5,97,814.1,95.2,790.5,93.1z\"\/>\n<\/svg>\t\t<\/div>\n\t\t\t\t<div class=\"elementor-element elementor-element-a10af52 elementor-widget elementor-widget-heading\" data-id=\"a10af52\" data-element_type=\"widget\" data-widget_type=\"heading.default\">\n\t\t\t\t<div class=\"elementor-widget-container\">\n\t\t\t\t\t<h2 class=\"elementor-heading-title elementor-size-default\">Estamos listos para responder a todas tus preguntas.<\/h2>\t\t\t\t<\/div>\n\t\t\t\t<\/div>\n\t\t\t\t<div class=\"elementor-element elementor-element-8a3087c elementor-widget elementor-widget-text-editor\" data-id=\"8a3087c\" data-element_type=\"widget\" data-widget_type=\"text-editor.default\">\n\t\t\t\t<div class=\"elementor-widget-container\">\n\t\t\t\t\t\t\t\t\t<p>\u00a1Cont\u00e1ctanos hoy mismo y hablemos!<\/p>\t\t\t\t\t\t\t\t<\/div>\n\t\t\t\t<\/div>\n\t\t<div class=\"elementor-element elementor-element-33dc20f e-con-full e-grid e-con e-child\" data-id=\"33dc20f\" data-element_type=\"container\">\n\t\t<a rel=\"nofollow\" class=\"elementor-element elementor-element-adc03a4 e-con-full e-flex e-con e-child\" data-id=\"adc03a4\" data-element_type=\"container\" data-settings=\"{&quot;background_background&quot;:&quot;classic&quot;}\" href=\"mailto:info@prisync.com\">\n\t\t\t\t<div class=\"elementor-element elementor-element-3deda54 elementor-view-stacked elementor-shape-circle elementor-position-top elementor-mobile-position-top elementor-widget elementor-widget-icon-box\" data-id=\"3deda54\" data-element_type=\"widget\" data-widget_type=\"icon-box.default\">\n\t\t\t\t<div class=\"elementor-widget-container\">\n\t\t\t\t\t\t\t<div class=\"elementor-icon-box-wrapper\">\n\n\t\t\t\t\t\t<div class=\"elementor-icon-box-icon\">\n\t\t\t\t<span  class=\"elementor-icon\">\n\t\t\t\t<svg aria-hidden=\"true\" class=\"e-font-icon-svg e-fas-question\" viewBox=\"0 0 384 512\" xmlns=\"http:\/\/www.w3.org\/2000\/svg\"><path d=\"M202.021 0C122.202 0 70.503 32.703 29.914 91.026c-7.363 10.58-5.093 25.086 5.178 32.874l43.138 32.709c10.373 7.865 25.132 6.026 33.253-4.148 25.049-31.381 43.63-49.449 82.757-49.449 30.764 0 68.816 19.799 68.816 49.631 0 22.552-18.617 34.134-48.993 51.164-35.423 19.86-82.299 44.576-82.299 106.405V320c0 13.255 10.745 24 24 24h72.471c13.255 0 24-10.745 24-24v-5.773c0-42.86 125.268-44.645 125.268-160.627C377.504 66.256 286.902 0 202.021 0zM192 373.459c-38.196 0-69.271 31.075-69.271 69.271 0 38.195 31.075 69.27 69.271 69.27s69.271-31.075 69.271-69.271-31.075-69.27-69.271-69.27z\"><\/path><\/svg>\t\t\t\t<\/span>\n\t\t\t<\/div>\n\t\t\t\n\t\t\t\t\t\t<div class=\"elementor-icon-box-content\">\n\n\t\t\t\t\t\t\t\t\t<h3 class=\"elementor-icon-box-title\">\n\t\t\t\t\t\t<span  >\n\t\t\t\t\t\t\tConsultas generales\t\t\t\t\t\t<\/span>\n\t\t\t\t\t<\/h3>\n\t\t\t\t\n\t\t\t\t\t\t\t\t\t<p class=\"elementor-icon-box-description\">\n\t\t\t\t\t\tEnv\u00edanos un correo electr\u00f3nico a <b>info@prisync.com<\/b> o ll\u00e1manos al <b>+1 (917) 636-4483<\/b>\t\t\t\t\t<\/p>\n\t\t\t\t\n\t\t\t<\/div>\n\t\t\t\n\t\t<\/div>\n\t\t\t\t\t\t<\/div>\n\t\t\t\t<\/div>\n\t\t\t\t<\/a>\n\t\t<a rel=\"nofollow\" class=\"elementor-element elementor-element-0ab80d3 e-con-full e-flex e-con e-child\" data-id=\"0ab80d3\" data-element_type=\"container\" data-settings=\"{&quot;background_background&quot;:&quot;classic&quot;}\" href=\"https:\/\/prisync.com\/partners\/\">\n\t\t\t\t<div class=\"elementor-element elementor-element-2568ae2 elementor-view-stacked elementor-shape-circle elementor-position-top elementor-mobile-position-top elementor-widget elementor-widget-icon-box\" data-id=\"2568ae2\" data-element_type=\"widget\" data-widget_type=\"icon-box.default\">\n\t\t\t\t<div class=\"elementor-widget-container\">\n\t\t\t\t\t\t\t<div class=\"elementor-icon-box-wrapper\">\n\n\t\t\t\t\t\t<div class=\"elementor-icon-box-icon\">\n\t\t\t\t<span  class=\"elementor-icon\">\n\t\t\t\t<svg aria-hidden=\"true\" class=\"e-font-icon-svg e-fas-exchange-alt\" viewBox=\"0 0 512 512\" xmlns=\"http:\/\/www.w3.org\/2000\/svg\"><path d=\"M0 168v-16c0-13.255 10.745-24 24-24h360V80c0-21.367 25.899-32.042 40.971-16.971l80 80c9.372 9.373 9.372 24.569 0 33.941l-80 80C409.956 271.982 384 261.456 384 240v-48H24c-13.255 0-24-10.745-24-24zm488 152H128v-48c0-21.314-25.862-32.08-40.971-16.971l-80 80c-9.372 9.373-9.372 24.569 0 33.941l80 80C102.057 463.997 128 453.437 128 432v-48h360c13.255 0 24-10.745 24-24v-16c0-13.255-10.745-24-24-24z\"><\/path><\/svg>\t\t\t\t<\/span>\n\t\t\t<\/div>\n\t\t\t\n\t\t\t\t\t\t<div class=\"elementor-icon-box-content\">\n\n\t\t\t\t\t\t\t\t\t<h3 class=\"elementor-icon-box-title\">\n\t\t\t\t\t\t<span  >\n\t\t\t\t\t\t\tMarketing\t\t\t\t\t\t<\/span>\n\t\t\t\t\t<\/h3>\n\t\t\t\t\n\t\t\t\t\t\t\t\t\t<p class=\"elementor-icon-box-description\">\n\t\t\t\t\t\tPonte en contacto con nuestro equipo de marketing para explorar oportunidades de colaboraci\u00f3n con nosotros.\n\n<br>Env\u00edanos un correo electr\u00f3nico a <b>marketing@prisync.com<\/b>\t\t\t\t\t<\/p>\n\t\t\t\t\n\t\t\t<\/div>\n\t\t\t\n\t\t<\/div>\n\t\t\t\t\t\t<\/div>\n\t\t\t\t<\/div>\n\t\t\t\t<\/a>\n\t\t<div class=\"elementor-element elementor-element-53c0daf e-con-full e-flex e-con e-child\" data-id=\"53c0daf\" data-element_type=\"container\" data-settings=\"{&quot;background_background&quot;:&quot;classic&quot;}\">\n\t\t\t\t<div class=\"elementor-element elementor-element-7d95401 elementor-view-stacked elementor-shape-circle elementor-position-top elementor-mobile-position-top elementor-widget elementor-widget-icon-box\" data-id=\"7d95401\" data-element_type=\"widget\" data-widget_type=\"icon-box.default\">\n\t\t\t\t<div class=\"elementor-widget-container\">\n\t\t\t\t\t\t\t<div class=\"elementor-icon-box-wrapper\">\n\n\t\t\t\t\t\t<div class=\"elementor-icon-box-icon\">\n\t\t\t\t<span  class=\"elementor-icon\">\n\t\t\t\t<svg aria-hidden=\"true\" class=\"e-font-icon-svg e-fas-coffee\" viewBox=\"0 0 640 512\" xmlns=\"http:\/\/www.w3.org\/2000\/svg\"><path d=\"M192 384h192c53 0 96-43 96-96h32c70.6 0 128-57.4 128-128S582.6 32 512 32H120c-13.3 0-24 10.7-24 24v232c0 53 43 96 96 96zM512 96c35.3 0 64 28.7 64 64s-28.7 64-64 64h-32V96h32zm47.7 384H48.3c-47.6 0-61-64-36-64h583.3c25 0 11.8 64-35.9 64z\"><\/path><\/svg>\t\t\t\t<\/span>\n\t\t\t<\/div>\n\t\t\t\n\t\t\t\t\t\t<div class=\"elementor-icon-box-content\">\n\n\t\t\t\t\t\t\t\t\t<h3 class=\"elementor-icon-box-title\">\n\t\t\t\t\t\t<span  >\n\t\t\t\t\t\t\tVentas\t\t\t\t\t\t<\/span>\n\t\t\t\t\t<\/h3>\n\t\t\t\t\n\t\t\t\t\t\t\t\t\t<p class=\"elementor-icon-box-description\">\n\t\t\t\t\t\t\u00bfTe preguntas si Prisync es la herramienta adecuada para tu negocio? <a class=\"open-intercom-chat\">Habla<\/a> con una persona de nuestro equipo de ventas para ver si Prisync encaja con lo que buscas y obt\u00e9n una demo o asesor\u00eda personalizada.\t\t\t\t\t<\/p>\n\t\t\t\t\n\t\t\t<\/div>\n\t\t\t\n\t\t<\/div>\n\t\t\t\t\t\t<\/div>\n\t\t\t\t<\/div>\n\t\t\t\t<\/div>\n\t\t<a rel=\"nofollow\" class=\"elementor-element elementor-element-bb90958 e-con-full e-flex e-con e-child\" data-id=\"bb90958\" data-element_type=\"container\" data-settings=\"{&quot;background_background&quot;:&quot;classic&quot;}\" href=\"https:\/\/helpcenter.prisync.com\/hc\/en-us\">\n\t\t\t\t<div class=\"elementor-element elementor-element-d1cced0 elementor-view-stacked elementor-shape-circle elementor-position-top elementor-mobile-position-top elementor-widget elementor-widget-icon-box\" data-id=\"d1cced0\" data-element_type=\"widget\" data-widget_type=\"icon-box.default\">\n\t\t\t\t<div class=\"elementor-widget-container\">\n\t\t\t\t\t\t\t<div class=\"elementor-icon-box-wrapper\">\n\n\t\t\t\t\t\t<div class=\"elementor-icon-box-icon\">\n\t\t\t\t<span  class=\"elementor-icon\">\n\t\t\t\t<svg aria-hidden=\"true\" class=\"e-font-icon-svg e-fas-money-bill-wave\" viewBox=\"0 0 640 512\" xmlns=\"http:\/\/www.w3.org\/2000\/svg\"><path d=\"M621.16 54.46C582.37 38.19 543.55 32 504.75 32c-123.17-.01-246.33 62.34-369.5 62.34-30.89 0-61.76-3.92-92.65-13.72-3.47-1.1-6.95-1.62-10.35-1.62C15.04 79 0 92.32 0 110.81v317.26c0 12.63 7.23 24.6 18.84 29.46C57.63 473.81 96.45 480 135.25 480c123.17 0 246.34-62.35 369.51-62.35 30.89 0 61.76 3.92 92.65 13.72 3.47 1.1 6.95 1.62 10.35 1.62 17.21 0 32.25-13.32 32.25-31.81V83.93c-.01-12.64-7.24-24.6-18.85-29.47zM48 132.22c20.12 5.04 41.12 7.57 62.72 8.93C104.84 170.54 79 192.69 48 192.69v-60.47zm0 285v-47.78c34.37 0 62.18 27.27 63.71 61.4-22.53-1.81-43.59-6.31-63.71-13.62zM320 352c-44.19 0-80-42.99-80-96 0-53.02 35.82-96 80-96s80 42.98 80 96c0 53.03-35.83 96-80 96zm272 27.78c-17.52-4.39-35.71-6.85-54.32-8.44 5.87-26.08 27.5-45.88 54.32-49.28v57.72zm0-236.11c-30.89-3.91-54.86-29.7-55.81-61.55 19.54 2.17 38.09 6.23 55.81 12.66v48.89z\"><\/path><\/svg>\t\t\t\t<\/span>\n\t\t\t<\/div>\n\t\t\t\n\t\t\t\t\t\t<div class=\"elementor-icon-box-content\">\n\n\t\t\t\t\t\t\t\t\t<h3 class=\"elementor-icon-box-title\">\n\t\t\t\t\t\t<span  >\n\t\t\t\t\t\t\tAtenci\u00f3n al cliente\t\t\t\t\t\t<\/span>\n\t\t\t\t\t<\/h3>\n\t\t\t\t\n\t\t\t\t\t\t\t\t\t<p class=\"elementor-icon-box-description\">\n\t\t\t\t\t\t\u00bfNecesitas ayuda con algo? Recibe asistencia de nuestro galardonado equipo humano de atenci\u00f3n al cliente para cualquier duda t\u00e9cnica o consulta sobre funciones, o visita nuestro <b>centro de ayuda.<\/b> \t\t\t\t\t<\/p>\n\t\t\t\t\n\t\t\t<\/div>\n\t\t\t\n\t\t<\/div>\n\t\t\t\t\t\t<\/div>\n\t\t\t\t<\/div>\n\t\t\t\t<\/a>\n\t\t\t\t<\/div>\n\t\t\t\t\t<\/div>\n\t\t\t\t<\/div>\n\t\t<div class=\"elementor-element elementor-element-7dd0bc2 e-flex e-con-boxed e-con e-parent\" data-id=\"7dd0bc2\" data-element_type=\"container\" data-settings=\"{&quot;background_background&quot;:&quot;classic&quot;}\">\n\t\t\t\t\t<div class=\"e-con-inner\">\n\t\t\t\t<div class=\"elementor-element elementor-element-f0fadce elementor-widget elementor-widget-heading\" data-id=\"f0fadce\" data-element_type=\"widget\" data-widget_type=\"heading.default\">\n\t\t\t\t<div class=\"elementor-widget-container\">\n\t\t\t\t\t<h2 class=\"elementor-heading-title elementor-size-default\">\u00a1Pru\u00e9balo gratis durante 14 d\u00edas!<\/h2>\t\t\t\t<\/div>\n\t\t\t\t<\/div>\n\t\t\t\t<div class=\"elementor-element elementor-element-e01aded elementor-align-center elementor-widget elementor-widget-button\" data-id=\"e01aded\" data-element_type=\"widget\" data-widget_type=\"button.default\">\n\t\t\t\t<div class=\"elementor-widget-container\">\n\t\t\t\t\t\t\t\t\t<div class=\"elementor-button-wrapper\">\n\t\t\t\t\t<a rel=\"nofollow\" class=\"elementor-button elementor-button-link elementor-size-sm\" href=\"https:\/\/app.prisync.com\/register\">\n\t\t\t\t\t\t<span class=\"elementor-button-content-wrapper\">\n\t\t\t\t\t\t\t\t\t<span class=\"elementor-button-text\">Iniciar prueba gratuita<\/span>\n\t\t\t\t\t<\/span>\n\t\t\t\t\t<\/a>\n\t\t\t\t<\/div>\n\t\t\t\t\t\t\t\t<\/div>\n\t\t\t\t<\/div>\n\t\t\t\t\t<\/div>\n\t\t\t\t<\/div>\n\t\t<div class=\"elementor-element elementor-element-ab03fd5 e-con-full e-flex e-con e-parent\" data-id=\"ab03fd5\" data-element_type=\"container\">\n\t\t\t\t<div class=\"elementor-element elementor-element-a30cc95 elementor-widget elementor-widget-heading\" data-id=\"a30cc95\" data-element_type=\"widget\" data-widget_type=\"heading.default\">\n\t\t\t\t<div class=\"elementor-widget-container\">\n\t\t\t\t\t<h2 class=\"elementor-heading-title elementor-size-default\">Ubicaci\u00f3n de nuestra sede central<\/h2>\t\t\t\t<\/div>\n\t\t\t\t<\/div>\n\t\t\t\t<div class=\"elementor-element elementor-element-9c7e812 elementor-widget elementor-widget-google_maps\" data-id=\"9c7e812\" data-element_type=\"widget\" data-widget_type=\"google_maps.default\">\n\t\t\t\t<div class=\"elementor-widget-container\">\n\t\t\t\t\t\t\t<div class=\"elementor-custom-embed\">\n\t\t\t<iframe loading=\"lazy\"\n\t\t\t\t\tsrc=\"https:\/\/maps.google.com\/maps?q=prisync&#038;t=m&#038;z=14&#038;output=embed&#038;iwloc=near\"\n\t\t\t\t\ttitle=\"prisync\"\n\t\t\t\t\taria-label=\"prisync\"\n\t\t\t><\/iframe>\n\t\t<\/div>\n\t\t\t\t\t\t<\/div>\n\t\t\t\t<\/div>\n\t\t\t\t<\/div>\n\t\t<div class=\"elementor-element elementor-element-15209d2c e-flex e-con-boxed e-con e-parent\" data-id=\"15209d2c\" data-element_type=\"container\">\n\t\t\t\t\t<div class=\"e-con-inner\">\n\t\t\t\t<div class=\"elementor-element elementor-element-63628b15 elementor-widget elementor-widget-html\" data-id=\"63628b15\" data-element_type=\"widget\" data-widget_type=\"html.default\">\n\t\t\t\t<div class=\"elementor-widget-container\">\n\t\t\t\t\t<script>window.intercomSettings = {\n    app_id: 'nf4i8rps',\n    custom_launcher_selector:'.open-intercom-chat'\n  };\n<\/script><script>\/\/ We pre-filled your app ID in the widget URL: 'https:\/\/widget.intercom.io\/widget\/nf4i8rps'\n(function() {\n    var w = window;\n    var ic = w.Intercom;\n    if (typeof ic === 'function') {\n        ic('reattach_activator');\n        ic('update', w.intercomSettings);\n    } else {\n        var d = document;\n        var i = function() {\n            i.c(arguments);\n        };\n        i.q = [];\n        i.c = function(args) {\n            i.q.push(args);\n        };\n        w.Intercom = i;\n        var l = function() {\n            setTimeout(function(){\n                var s = d.createElement('script');\n                s.type = 'text\/javascript';\n                s.defer = true;\n                s.src = 'https:\/\/widget.intercom.io\/widget\/nf4i8rps';\n                var x = d.getElementsByTagName('script')[0];\n                x.parentNode.insertBefore(s, x);\n            }, 5000);\n        };\n        if (w.attachEvent) {\n            w.attachEvent('onload', l);\n        } else {\n            w.addEventListener('load', l, false);\n        }\n    }\n})();\n<\/script>\t\t\t\t<\/div>\n\t\t\t\t<\/div>\n\t\t\t\t\t<\/div>\n\t\t\t\t<\/div>\n\t\t\t\t<\/div>\n\t\t","protected":false},"excerpt":{"rendered":"<p>Contacte con nosotros Ponte en contacto con las personas adecuadas en Prisync. Puedes comunicarte con nuestro equipo en cualquier momento si tienes dudas sobre nuestras soluciones de precios, necesidades de asistencia t\u00e9cnica o si simplemente quieres explorar las capacidades de Prisync y c\u00f3mo puede ayudar a tu negocio. Contacta con un miembro de nuestros equipos [&hellip;]<\/p>\n","protected":false},"author":3,"featured_media":0,"parent":0,"menu_order":0,"comment_status":"closed","ping_status":"closed","template":"elementor_header_footer","meta":{"_acf_changed":false,"footnotes":""},"class_list":["post-64085","page","type-page","status-publish","hentry"],"acf":[],"yoast_head":"<!-- This site is optimized with the Yoast SEO plugin v26.8 - https:\/\/yoast.com\/product\/yoast-seo-wordpress\/ -->\n<title>Contacta con nosotros | Prisync<\/title>\n<meta name=\"description\" content=\"Ponte en contacto con las personas adecuadas en Prisync. Contacta con un miembro de nuestros equipos de atenci\u00f3n al cliente, ventas, soporte t\u00e9cnico o marketing.\" \/>\n<meta name=\"robots\" content=\"index, follow, max-snippet:-1, max-image-preview:large, max-video-preview:-1\" \/>\n<link rel=\"canonical\" href=\"https:\/\/prisync.com\/es\/contacte-con-nosotros\/\" \/>\n<meta property=\"og:locale\" content=\"es_ES\" \/>\n<meta property=\"og:type\" content=\"article\" \/>\n<meta property=\"og:title\" content=\"Contacta con nosotros | Prisync\" \/>\n<meta property=\"og:description\" content=\"Ponte en contacto con las personas adecuadas en Prisync. Contacta con un miembro de nuestros equipos de atenci\u00f3n al cliente, ventas, soporte t\u00e9cnico o marketing.\" \/>\n<meta property=\"og:url\" content=\"https:\/\/prisync.com\/es\/contacte-con-nosotros\/\" \/>\n<meta property=\"og:site_name\" content=\"Prisync\" \/>\n<meta property=\"article:publisher\" content=\"https:\/\/www.facebook.com\/prisync\" \/>\n<meta property=\"article:modified_time\" content=\"2026-03-27T14:28:56+00:00\" \/>\n<meta name=\"twitter:card\" content=\"summary_large_image\" \/>\n<meta name=\"twitter:site\" content=\"@PrisyncCom\" \/>\n<meta name=\"twitter:label1\" content=\"Tiempo de lectura\" \/>\n\t<meta name=\"twitter:data1\" content=\"1 minuto\" \/>\n<script type=\"application\/ld+json\" class=\"yoast-schema-graph\">{\"@context\":\"https:\/\/schema.org\",\"@graph\":[{\"@type\":\"WebPage\",\"@id\":\"https:\/\/prisync.com\/es\/contacte-con-nosotros\/\",\"url\":\"https:\/\/prisync.com\/es\/contacte-con-nosotros\/\",\"name\":\"Contacta con nosotros | Prisync\",\"isPartOf\":{\"@id\":\"https:\/\/prisync.com\/es\/#website\"},\"datePublished\":\"2020-01-02T06:28:08+00:00\",\"dateModified\":\"2026-03-27T14:28:56+00:00\",\"description\":\"Ponte en contacto con las personas adecuadas en Prisync. Contacta con un miembro de nuestros equipos de atenci\u00f3n al cliente, ventas, soporte t\u00e9cnico o marketing.\",\"breadcrumb\":{\"@id\":\"https:\/\/prisync.com\/es\/contacte-con-nosotros\/#breadcrumb\"},\"inLanguage\":\"es\",\"potentialAction\":[{\"@type\":\"ReadAction\",\"target\":[\"https:\/\/prisync.com\/es\/contacte-con-nosotros\/\"]}]},{\"@type\":\"BreadcrumbList\",\"@id\":\"https:\/\/prisync.com\/es\/contacte-con-nosotros\/#breadcrumb\",\"itemListElement\":[{\"@type\":\"ListItem\",\"position\":1,\"name\":\"Home\",\"item\":\"https:\/\/prisync.com\/es\/\"},{\"@type\":\"ListItem\",\"position\":2,\"name\":\"Contacte con nosotros\"}]},{\"@type\":\"WebSite\",\"@id\":\"https:\/\/prisync.com\/es\/#website\",\"url\":\"https:\/\/prisync.com\/es\/\",\"name\":\"Prisync\",\"description\":\"Competitor Price Tracking Software &amp; Competitor Price Monitoring Software\",\"publisher\":{\"@id\":\"https:\/\/prisync.com\/es\/#organization\"},\"potentialAction\":[{\"@type\":\"SearchAction\",\"target\":{\"@type\":\"EntryPoint\",\"urlTemplate\":\"https:\/\/prisync.com\/es\/?s={search_term_string}\"},\"query-input\":{\"@type\":\"PropertyValueSpecification\",\"valueRequired\":true,\"valueName\":\"search_term_string\"}}],\"inLanguage\":\"es\"},{\"@type\":\"Organization\",\"@id\":\"https:\/\/prisync.com\/es\/#organization\",\"name\":\"Prisync\",\"url\":\"https:\/\/prisync.com\/es\/\",\"logo\":{\"@type\":\"ImageObject\",\"inLanguage\":\"es\",\"@id\":\"https:\/\/prisync.com\/es\/#\/schema\/logo\/image\/\",\"url\":\"https:\/\/prisync.com\/wp-content\/uploads\/2025\/08\/prisync-logo-png.png\",\"contentUrl\":\"https:\/\/prisync.com\/wp-content\/uploads\/2025\/08\/prisync-logo-png.png\",\"width\":512,\"height\":129,\"caption\":\"Prisync\"},\"image\":{\"@id\":\"https:\/\/prisync.com\/es\/#\/schema\/logo\/image\/\"},\"sameAs\":[\"https:\/\/www.facebook.com\/prisync\",\"https:\/\/x.com\/PrisyncCom\",\"https:\/\/www.linkedin.com\/company\/prisync\/\",\"https:\/\/www.youtube.com\/@PrisyncCom\"]}]}<\/script>\n<!-- \/ Yoast SEO plugin. -->","yoast_head_json":{"title":"Contacta con nosotros | Prisync","description":"Ponte en contacto con las personas adecuadas en Prisync. Contacta con un miembro de nuestros equipos de atenci\u00f3n al cliente, ventas, soporte t\u00e9cnico o marketing.","robots":{"index":"index","follow":"follow","max-snippet":"max-snippet:-1","max-image-preview":"max-image-preview:large","max-video-preview":"max-video-preview:-1"},"canonical":"https:\/\/prisync.com\/es\/contacte-con-nosotros\/","og_locale":"es_ES","og_type":"article","og_title":"Contacta con nosotros | Prisync","og_description":"Ponte en contacto con las personas adecuadas en Prisync. Contacta con un miembro de nuestros equipos de atenci\u00f3n al cliente, ventas, soporte t\u00e9cnico o marketing.","og_url":"https:\/\/prisync.com\/es\/contacte-con-nosotros\/","og_site_name":"Prisync","article_publisher":"https:\/\/www.facebook.com\/prisync","article_modified_time":"2026-03-27T14:28:56+00:00","twitter_card":"summary_large_image","twitter_site":"@PrisyncCom","twitter_misc":{"Tiempo de lectura":"1 minuto"},"schema":{"@context":"https:\/\/schema.org","@graph":[{"@type":"WebPage","@id":"https:\/\/prisync.com\/es\/contacte-con-nosotros\/","url":"https:\/\/prisync.com\/es\/contacte-con-nosotros\/","name":"Contacta con nosotros | Prisync","isPartOf":{"@id":"https:\/\/prisync.com\/es\/#website"},"datePublished":"2020-01-02T06:28:08+00:00","dateModified":"2026-03-27T14:28:56+00:00","description":"Ponte en contacto con las personas adecuadas en Prisync. Contacta con un miembro de nuestros equipos de atenci\u00f3n al cliente, ventas, soporte t\u00e9cnico o marketing.","breadcrumb":{"@id":"https:\/\/prisync.com\/es\/contacte-con-nosotros\/#breadcrumb"},"inLanguage":"es","potentialAction":[{"@type":"ReadAction","target":["https:\/\/prisync.com\/es\/contacte-con-nosotros\/"]}]},{"@type":"BreadcrumbList","@id":"https:\/\/prisync.com\/es\/contacte-con-nosotros\/#breadcrumb","itemListElement":[{"@type":"ListItem","position":1,"name":"Home","item":"https:\/\/prisync.com\/es\/"},{"@type":"ListItem","position":2,"name":"Contacte con nosotros"}]},{"@type":"WebSite","@id":"https:\/\/prisync.com\/es\/#website","url":"https:\/\/prisync.com\/es\/","name":"Prisync","description":"Competitor Price Tracking Software &amp; Competitor Price Monitoring Software","publisher":{"@id":"https:\/\/prisync.com\/es\/#organization"},"potentialAction":[{"@type":"SearchAction","target":{"@type":"EntryPoint","urlTemplate":"https:\/\/prisync.com\/es\/?s={search_term_string}"},"query-input":{"@type":"PropertyValueSpecification","valueRequired":true,"valueName":"search_term_string"}}],"inLanguage":"es"},{"@type":"Organization","@id":"https:\/\/prisync.com\/es\/#organization","name":"Prisync","url":"https:\/\/prisync.com\/es\/","logo":{"@type":"ImageObject","inLanguage":"es","@id":"https:\/\/prisync.com\/es\/#\/schema\/logo\/image\/","url":"https:\/\/prisync.com\/wp-content\/uploads\/2025\/08\/prisync-logo-png.png","contentUrl":"https:\/\/prisync.com\/wp-content\/uploads\/2025\/08\/prisync-logo-png.png","width":512,"height":129,"caption":"Prisync"},"image":{"@id":"https:\/\/prisync.com\/es\/#\/schema\/logo\/image\/"},"sameAs":["https:\/\/www.facebook.com\/prisync","https:\/\/x.com\/PrisyncCom","https:\/\/www.linkedin.com\/company\/prisync\/","https:\/\/www.youtube.com\/@PrisyncCom"]}]}},"_links":{"self":[{"href":"https:\/\/prisync.com\/es\/wp-json\/wp\/v2\/pages\/64085","targetHints":{"allow":["GET"]}}],"collection":[{"href":"https:\/\/prisync.com\/es\/wp-json\/wp\/v2\/pages"}],"about":[{"href":"https:\/\/prisync.com\/es\/wp-json\/wp\/v2\/types\/page"}],"author":[{"embeddable":true,"href":"https:\/\/prisync.com\/es\/wp-json\/wp\/v2\/users\/3"}],"replies":[{"embeddable":true,"href":"https:\/\/prisync.com\/es\/wp-json\/wp\/v2\/comments?post=64085"}],"version-history":[{"count":1,"href":"https:\/\/prisync.com\/es\/wp-json\/wp\/v2\/pages\/64085\/revisions"}],"predecessor-version":[{"id":64086,"href":"https:\/\/prisync.com\/es\/wp-json\/wp\/v2\/pages\/64085\/revisions\/64086"}],"wp:attachment":[{"href":"https:\/\/prisync.com\/es\/wp-json\/wp\/v2\/media?parent=64085"}],"curies":[{"name":"wp","href":"https:\/\/api.w.org\/{rel}","templated":true}]}}